{"id":53387,"date":"2025-05-23T16:56:57","date_gmt":"2025-05-23T16:56:57","guid":{"rendered":"https:\/\/snusporten.se\/?post_type=product&#038;p=53387"},"modified":"2025-07-24T23:22:49","modified_gmt":"2025-07-24T23:22:49","slug":"knox-karaktar-purple-white","status":"publish","type":"product","link":"https:\/\/snusporten.se\/sv\/produkt\/knox-karaktar-purple-white\/","title":{"rendered":"Knox Karakt\u00e4r Purple White"},"content":{"rendered":"<h1 class=\"material-item__headline\">Knox Karakt\u00e4r Purple White<\/h1>\n<h2 data-start=\"234\" data-end=\"360\"><strong data-start=\"238\" data-end=\"360\">Knox Karakt\u00e4r Purple White \u2013 White Portion Snus med Lakrits, Svartvinb\u00e4r &amp; Tobak | 12 mg\/g Nikotin | K\u00f6p hos Veloop.se<\/strong><\/h2>\n<p data-start=\"362\" data-end=\"693\"><strong data-start=\"362\" data-end=\"392\">Knox Karakt\u00e4r Purple White<\/strong> bjuder p\u00e5 en dj\u00e4rv och smakrik kombination av <strong data-start=\"439\" data-end=\"466\">lakrits och svartvinb\u00e4r<\/strong>, balanserad med en tydlig <strong data-start=\"493\" data-end=\"524\">traditionell tobakskarakt\u00e4r<\/strong>. Denna white portion kommer i <strong data-start=\"555\" data-end=\"574\">originalstorlek<\/strong>, med l\u00e5g rinnighet och en j\u00e4mn, l\u00e5ngvarig smakrelease \u2013 perfekt f\u00f6r dig som s\u00f6ker ett snus med b\u00e5de djup och karakt\u00e4r.<\/p>\n<hr data-start=\"695\" data-end=\"698\" \/>\n<h2 data-start=\"700\" data-end=\"730\">\ud83d\udd0d <strong data-start=\"708\" data-end=\"730\">Produktinformation<\/strong><\/h2>\n<ul data-start=\"731\" data-end=\"1113\">\n<li data-start=\"731\" data-end=\"778\">\n<p data-start=\"733\" data-end=\"778\"><strong data-start=\"733\" data-end=\"749\">Produktnamn:<\/strong> Knox Karakt\u00e4r Purple White<\/p>\n<\/li>\n<li data-start=\"779\" data-end=\"827\">\n<p data-start=\"781\" data-end=\"827\"><strong data-start=\"781\" data-end=\"789\">Typ:<\/strong> White portion (originalstor prilla)<\/p>\n<\/li>\n<li data-start=\"828\" data-end=\"876\">\n<p data-start=\"830\" data-end=\"876\"><strong data-start=\"830\" data-end=\"845\">Smakprofil:<\/strong> Tobak, lakrits &amp; svartvinb\u00e4r<\/p>\n<\/li>\n<li data-start=\"877\" data-end=\"927\">\n<p data-start=\"879\" data-end=\"927\"><strong data-start=\"879\" data-end=\"895\">Nikotinhalt:<\/strong> 12 mg\/g (ca 10 mg per prilla)<\/p>\n<\/li>\n<li data-start=\"928\" data-end=\"962\">\n<p data-start=\"930\" data-end=\"962\"><strong data-start=\"930\" data-end=\"957\">Antal prillor per dosa:<\/strong> 22<\/p>\n<\/li>\n<li data-start=\"963\" data-end=\"992\">\n<p data-start=\"965\" data-end=\"992\"><strong data-start=\"965\" data-end=\"983\">Vikt per dosa:<\/strong> 19,2 g<\/p>\n<\/li>\n<li data-start=\"993\" data-end=\"1024\">\n<p data-start=\"995\" data-end=\"1024\"><strong data-start=\"995\" data-end=\"1015\">Vikt per prilla:<\/strong> 0,87 g<\/p>\n<\/li>\n<li data-start=\"1025\" data-end=\"1054\">\n<p data-start=\"1027\" data-end=\"1054\"><strong data-start=\"1027\" data-end=\"1046\">Vikt per stock:<\/strong> 192 g<\/p>\n<\/li>\n<li data-start=\"1055\" data-end=\"1113\">\n<p data-start=\"1057\" data-end=\"1113\"><strong data-start=\"1057\" data-end=\"1069\">Segment:<\/strong> White portion \u2013 diskret med l\u00e5g rinnighet<\/p>\n<\/li>\n<\/ul>\n<hr data-start=\"1115\" data-end=\"1118\" \/>\n<h3 data-start=\"1120\" data-end=\"1144\">\ud83e\uddea <strong data-start=\"1128\" data-end=\"1144\">Ingredienser<\/strong><\/h3>\n<p data-start=\"1145\" data-end=\"1226\">Tobak, vatten, surhetsreglerande medel (E500), smakf\u00f6rst\u00e4rkare (koksalt), aromer.<\/p>\n<hr data-start=\"1228\" data-end=\"1231\" \/>\n<h3 data-start=\"1233\" data-end=\"1281\">\ud83d\udfe3 <strong data-start=\"1241\" data-end=\"1281\">En smakupplevelse ut\u00f6ver det vanliga<\/strong><\/h3>\n<p data-start=\"1282\" data-end=\"1507\">Knox Karakt\u00e4r Purple White riktar sig till dig som vill ha n\u00e5got <strong data-start=\"1347\" data-end=\"1393\">sofistikerat men fortfarande traditionellt<\/strong>. Lakrits och svartvinb\u00e4r ger snuset en fruktig och kryddig karakt\u00e4r, utan att ta \u00f6ver den klassiska tobakssmaken.<\/p>\n<hr data-start=\"1509\" data-end=\"1512\" \/>\n<h4 data-start=\"1514\" data-end=\"1557\">\ud83d\ude9a <strong data-start=\"1522\" data-end=\"1557\">D\u00e4rf\u00f6r v\u00e4ljer snusare Veloop.se<\/strong><\/h4>\n<ul data-start=\"1558\" data-end=\"1690\">\n<li data-start=\"1558\" data-end=\"1579\">\n<p data-start=\"1560\" data-end=\"1579\">Snabba leveranser<\/p>\n<\/li>\n<li data-start=\"1580\" data-end=\"1613\">\n<p data-start=\"1582\" data-end=\"1613\">Diskret &amp; neutral f\u00f6rpackning<\/p>\n<\/li>\n<li data-start=\"1614\" data-end=\"1647\">\n<p data-start=\"1616\" data-end=\"1647\">Enkelt, tryggt och s\u00e4kert k\u00f6p<\/p>\n<\/li>\n<li data-start=\"1648\" data-end=\"1690\">\n<p data-start=\"1650\" data-end=\"1690\">Brett utbud av snus med kvalitet i fokus<\/p>\n<\/li>\n<\/ul>\n<hr data-start=\"1692\" data-end=\"1695\" \/>\n<p data-start=\"1697\" data-end=\"1856\">\ud83d\uded2 <strong data-start=\"1700\" data-end=\"1800\">Best\u00e4ll Knox Karakt\u00e4r Purple White hos Veloop.se \u2013 snus med karakt\u00e4r, smak och svensk tradition.<\/strong><br data-start=\"1800\" data-end=\"1803\" \/>\ud83d\udc49 <a class=\"\" href=\"https:\/\/snusporten.se\/sv\/knox\/\" target=\"_new\" rel=\"noopener\" data-start=\"1806\" data-end=\"1856\">Se hela Knox-serien h\u00e4r<\/a><\/p>","protected":false},"excerpt":{"rendered":"<h1 class=\"material-item__headline\">Knox Karakt\u00e4r Purple White<\/h1>\n<p>Knox Karakt\u00e4r Purple White \u2013 white portion snus med smak av lakrits, svartvinb\u00e4r och klassisk tobak. Originalstor prilla. K\u00f6p online hos Veloop.se.<\/p>\n<p>\ud83d\udc49 <a class=\"\" href=\"https:\/\/snusporten.se\/sv\/knox\/\" target=\"_new\" rel=\"noopener\" data-start=\"1806\" data-end=\"1856\">Se hela Knox-serien h\u00e4r<\/a><\/p>","protected":false},"featured_media":61676,"comment_status":"open","ping_status":"closed","template":"","meta":[],"product_brand":[329],"product_cat":[390,73,368,135],"product_tag":[],"class_list":{"0":"post-53387","1":"product","2":"type-product","3":"status-publish","4":"has-post-thumbnail","6":"product_brand-knox","7":"product_cat-knox","8":"product_cat-portionssnus","9":"product_cat-snus-tobakssnus-traditionellt-snus","10":"product_cat-white-portion","12":"first","13":"instock","14":"shipping-taxable","15":"purchasable","16":"product-type-variable"},"_links":{"self":[{"href":"https:\/\/snusporten.se\/sv\/wp-json\/wp\/v2\/product\/53387","targetHints":{"allow":["GET"]}}],"collection":[{"href":"https:\/\/snusporten.se\/sv\/wp-json\/wp\/v2\/product"}],"about":[{"href":"https:\/\/snusporten.se\/sv\/wp-json\/wp\/v2\/types\/product"}],"replies":[{"embeddable":true,"href":"https:\/\/snusporten.se\/sv\/wp-json\/wp\/v2\/comments?post=53387"}],"version-history":[{"count":0,"href":"https:\/\/snusporten.se\/sv\/wp-json\/wp\/v2\/product\/53387\/revisions"}],"wp:featuredmedia":[{"embeddable":true,"href":"https:\/\/snusporten.se\/sv\/wp-json\/wp\/v2\/media\/61676"}],"wp:attachment":[{"href":"https:\/\/snusporten.se\/sv\/wp-json\/wp\/v2\/media?parent=53387"}],"wp:term":[{"taxonomy":"product_brand","embeddable":true,"href":"https:\/\/snusporten.se\/sv\/wp-json\/wp\/v2\/product_brand?post=53387"},{"taxonomy":"product_cat","embeddable":true,"href":"https:\/\/snusporten.se\/sv\/wp-json\/wp\/v2\/product_cat?post=53387"},{"taxonomy":"product_tag","embeddable":true,"href":"https:\/\/snusporten.se\/sv\/wp-json\/wp\/v2\/product_tag?post=53387"}],"curies":[{"name":"wp","href":"https:\/\/api.w.org\/{rel}","templated":true}]}}