{"id":54498,"date":"2025-05-23T16:58:18","date_gmt":"2025-05-23T16:58:18","guid":{"rendered":"https:\/\/snusporten.se\/?post_type=product&#038;p=54498"},"modified":"2025-08-05T00:05:30","modified_gmt":"2025-08-05T00:05:30","slug":"granit-original-los","status":"publish","type":"product","link":"https:\/\/snusporten.se\/sv\/produkt\/granit-original-los\/","title":{"rendered":"Granit Original L\u00f6s"},"content":{"rendered":"<p>Granit L\u00f6s \u00e4r ett l\u00f6ssnus med en helt ren smak av tobak. Ett kvalitetssnus!<\/p>\n<p>Granit L\u00f6s \u00e4r ett l\u00f6ssnus med en tydlig, ren smak av tobak. Blandningen av tobak och kryddor \u00e4r framst\u00e4llt enligt den svenska snustraditionen. Det \u00e4r ett l\u00e4ttbakat l\u00f6ssnus som gjorts med h\u00f6g kvalitet i \u00e5tanke.<\/p>\n<p>Granit snus tillverkas av Fiedler och Lundgren h\u00e4r i Sverige och finns i m\u00e5nga olika utf\u00f6randen.\u00a0Kolla\u00a0g\u00e4rna in Granits \u00f6vriga sortiment\u00a0h\u00e4r.<\/p>\n<table class=\"product-specs\">\n<thead>\n<tr>\n<th>Fakta om produkten<\/th>\n<th class=\"text-right\"><\/th>\n<\/tr>\n<\/thead>\n<tbody>\n<tr>\n<td class=\"spec-key\">Varum\u00e4rke<\/td>\n<td class=\"spec-value text-right\">Granit<\/td>\n<\/tr>\n<tr>\n<td class=\"spec-key\">Produkttyp<\/td>\n<td class=\"spec -value text-right\">l\u00f6ssnus<\/td>\n<\/tr>\n<tr>\n<td class=\"spec-key\">Nikotinstyrka<\/td>\n<td class=\"spec -value text-right\">normal<\/td>\n<\/tr>\n<tr>\n<td class=\"spec-key\">Nikotinhalt<\/td>\n<td class=\"spec -value text-right\">8 mg\/g<\/td>\n<\/tr>\n<tr>\n<td class=\"spec-key\">Smak<\/td>\n<td class=\"spec -value text-right\">Traditionell<\/td>\n<\/tr>\n<tr>\n<td class=\"spec-key\">Inneh\u00e5ll\/f\u00f6rpackning<\/td>\n<td class=\"spec -value text-right\">40 g<\/td>\n<\/tr>\n<tr>\n<td class=\"spec-key\">Format<\/td>\n<td class=\"spec -value text-right\">L\u00f6s<\/td>\n<\/tr>\n<tr>\n<td class=\"spec-key\">Kornighet<\/td>\n<td class=\"spec -value text-right\">Medel<\/td>\n<\/tr>\n<tr>\n<td class=\"spec-key\">Producent<\/td>\n<td class=\"spec-value text-right\">BAT<\/td>\n<\/tr>\n<\/tbody>\n<\/table>","protected":false},"excerpt":{"rendered":"<p>Granit L\u00f6s \u00e4r ett l\u00f6ssnus med en helt ren smak av tobak. Ett kvalitetssnus!<\/p>\n<p>Granit L\u00f6s \u00e4r ett l\u00f6ssnus med en tydlig, ren smak av tobak. Blandningen av tobak och kryddor \u00e4r framst\u00e4llt enligt den svenska snustraditionen. Det \u00e4r ett l\u00e4ttbakat l\u00f6ssnus som gjorts med h\u00f6g kvalitet i \u00e5tanke.<\/p>\n<p>Granit snus tillverkas av Fiedler och Lundgren h\u00e4r i Sverige och finns i m\u00e5nga olika utf\u00f6randen.\u00a0Kolla\u00a0g\u00e4rna in Granits \u00f6vriga sortiment\u00a0h\u00e4r.<\/p>","protected":false},"featured_media":19940,"comment_status":"open","ping_status":"closed","template":"","meta":[],"product_brand":[],"product_cat":[87,276,368],"product_tag":[],"class_list":{"0":"post-54498","1":"product","2":"type-product","3":"status-publish","4":"has-post-thumbnail","6":"product_cat-granit","7":"product_cat-los-snus","8":"product_cat-snus-tobakssnus-traditionellt-snus","10":"first","11":"instock","12":"shipping-taxable","13":"purchasable","14":"product-type-variable"},"_links":{"self":[{"href":"https:\/\/snusporten.se\/sv\/wp-json\/wp\/v2\/product\/54498","targetHints":{"allow":["GET"]}}],"collection":[{"href":"https:\/\/snusporten.se\/sv\/wp-json\/wp\/v2\/product"}],"about":[{"href":"https:\/\/snusporten.se\/sv\/wp-json\/wp\/v2\/types\/product"}],"replies":[{"embeddable":true,"href":"https:\/\/snusporten.se\/sv\/wp-json\/wp\/v2\/comments?post=54498"}],"version-history":[{"count":0,"href":"https:\/\/snusporten.se\/sv\/wp-json\/wp\/v2\/product\/54498\/revisions"}],"wp:featuredmedia":[{"embeddable":true,"href":"https:\/\/snusporten.se\/sv\/wp-json\/wp\/v2\/media\/19940"}],"wp:attachment":[{"href":"https:\/\/snusporten.se\/sv\/wp-json\/wp\/v2\/media?parent=54498"}],"wp:term":[{"taxonomy":"product_brand","embeddable":true,"href":"https:\/\/snusporten.se\/sv\/wp-json\/wp\/v2\/product_brand?post=54498"},{"taxonomy":"product_cat","embeddable":true,"href":"https:\/\/snusporten.se\/sv\/wp-json\/wp\/v2\/product_cat?post=54498"},{"taxonomy":"product_tag","embeddable":true,"href":"https:\/\/snusporten.se\/sv\/wp-json\/wp\/v2\/product_tag?post=54498"}],"curies":[{"name":"wp","href":"https:\/\/api.w.org\/{rel}","templated":true}]}}