{"id":57869,"date":"2025-05-23T17:03:21","date_gmt":"2025-05-23T17:03:21","guid":{"rendered":"https:\/\/snusporten.se\/?post_type=product&#038;p=57869"},"modified":"2025-07-24T17:24:48","modified_gmt":"2025-07-24T17:24:48","slug":"klint-mini-spicy-ginger-x-strong","status":"publish","type":"product","link":"https:\/\/snusporten.se\/sv\/produkt\/klint-mini-spicy-ginger-x-strong\/","title":{"rendered":"Klint Mini Spicy Ginger X-Strong"},"content":{"rendered":"<h2>Om produkten Klint Mini Spicy Ginger X-Strong<\/h2>\n<p>All white-p\u00e5sarna Klint Mini Spicy Ginger X-Strong best\u00e5r av portioner i formatet mini. Det inneb\u00e4r allts\u00e5 att de passar dig som tycker att b\u00e5de slim och normala p\u00e5sar \u00e4r f\u00f6r stora i storleken. H\u00e4r f\u00e5r du med andra ord en diskret p\u00e5se som g\u00f6r att prillan inte syns. Trots det lilla formatet \u00e4r smaken intensiv fr\u00e5n b\u00e5de nikotinet och den starka smaks\u00e4ttning som best\u00e5r av ingef\u00e4ra och chili.<\/p>\n<ul>\n<li>Varum\u00e4rke: Klint<\/li>\n<li>Smak: Ingef\u00e4ra &amp; chili<\/li>\n<li>Format: Mini<\/li>\n<li>Nikotinstyrka: 20 mg\/g<\/li>\n<li>Portioner per dosa: 30<\/li>\n<li>Tillverkare: Habit Factory<\/li>\n<\/ul>\n<p><strong><big>Nikotinstyrka i Klint Mini Spicy Ginger X-Strong<\/big><\/strong><\/p>\n<p>Portionerna har en nikotinhalt p\u00e5 20 milligram per gram. Det inneb\u00e4r att p\u00e5sarna passar dem som \u00e4r vana anv\u00e4ndare av nikotinp\u00e5sar av det h\u00e4r slaget.<\/p>\n<p><strong><big>Varum\u00e4rket Klint<\/big><\/strong><\/p>\n<p>Klint\u00a0\u00e4r ett svenskt varum\u00e4rke som enbart har ett utbud av all white produkter som satsar p\u00e5 kvalitet och annorlunda smakkombinationer. De har nikotinprodukter i flera olika styrkor. Klint Mini Spicy Ginger har nikotinstyrka 4\/4.<\/p>\n<table class=\"product-specs\">\n<thead>\n<tr>\n<th>Fakta om produkten<\/th>\n<th class=\"text-right\"><\/th>\n<\/tr>\n<\/thead>\n<tbody>\n<tr>\n<td class=\"spec-key\">Varum\u00e4rke<\/td>\n<td class=\"spec-value text-right\">Klint<\/td>\n<\/tr>\n<tr>\n<td class=\"spec-key\">Produkttyp<\/td>\n<td class=\"spec -value text-right\">all white portion<\/td>\n<\/tr>\n<tr>\n<td class=\"spec-key\">Nikotinstyrka<\/td>\n<td class=\"spec -value text-right\">extra stark<\/td>\n<\/tr>\n<tr>\n<td class=\"spec-key\">Nikotinhalt<\/td>\n<td class=\"spec -value text-right\">20 mg\/g<\/td>\n<\/tr>\n<tr>\n<td class=\"spec-key\">Smak<\/td>\n<td class=\"spec -value text-right\">chili<\/td>\n<\/tr>\n<tr>\n<td class=\"spec-key\">Inneh\u00e5ll\/f\u00f6rpackning<\/td>\n<td class=\"spec -value text-right\">15 g<\/td>\n<\/tr>\n<tr>\n<td class=\"spec-key\">Snustyp<\/td>\n<td class=\"spec -value text-right\">All White Portion Mini<\/td>\n<\/tr>\n<tr>\n<td class=\"spec-key\">Format<\/td>\n<td class=\"spec -value text-right\">Mini<\/td>\n<\/tr>\n<tr>\n<td class=\"spec-key\">Producent<\/td>\n<td class=\"spec-value text-right\">Habit Factory In Sweden AB<\/td>\n<\/tr>\n<\/tbody>\n<\/table>","protected":false},"excerpt":{"rendered":"<p>All white-p\u00e5sarna Klint Mini Spicy Ginger X-Strong har en distinkt smak av ingef\u00e4ra som \u00e5tf\u00f6ljs av chili. Portionsp\u00e5sarna \u00e4r extra starka och har d\u00e4rmed en h\u00f6g nikotinhalt.<\/p>","protected":false},"featured_media":25939,"comment_status":"open","ping_status":"closed","template":"","meta":[],"product_brand":[347],"product_cat":[136,355,98,79],"product_tag":[],"class_list":{"0":"post-57869","1":"product","2":"type-product","3":"status-publish","4":"has-post-thumbnail","6":"product_brand-klint","7":"product_cat-all-whites","8":"product_cat-extra-strongextra-stark","9":"product_cat-klint","10":"product_cat-mini-portion","12":"first","13":"instock","14":"shipping-taxable","15":"purchasable","16":"product-type-variable"},"_links":{"self":[{"href":"https:\/\/snusporten.se\/sv\/wp-json\/wp\/v2\/product\/57869","targetHints":{"allow":["GET"]}}],"collection":[{"href":"https:\/\/snusporten.se\/sv\/wp-json\/wp\/v2\/product"}],"about":[{"href":"https:\/\/snusporten.se\/sv\/wp-json\/wp\/v2\/types\/product"}],"replies":[{"embeddable":true,"href":"https:\/\/snusporten.se\/sv\/wp-json\/wp\/v2\/comments?post=57869"}],"version-history":[{"count":0,"href":"https:\/\/snusporten.se\/sv\/wp-json\/wp\/v2\/product\/57869\/revisions"}],"wp:featuredmedia":[{"embeddable":true,"href":"https:\/\/snusporten.se\/sv\/wp-json\/wp\/v2\/media\/25939"}],"wp:attachment":[{"href":"https:\/\/snusporten.se\/sv\/wp-json\/wp\/v2\/media?parent=57869"}],"wp:term":[{"taxonomy":"product_brand","embeddable":true,"href":"https:\/\/snusporten.se\/sv\/wp-json\/wp\/v2\/product_brand?post=57869"},{"taxonomy":"product_cat","embeddable":true,"href":"https:\/\/snusporten.se\/sv\/wp-json\/wp\/v2\/product_cat?post=57869"},{"taxonomy":"product_tag","embeddable":true,"href":"https:\/\/snusporten.se\/sv\/wp-json\/wp\/v2\/product_tag?post=57869"}],"curies":[{"name":"wp","href":"https:\/\/api.w.org\/{rel}","templated":true}]}}